{"id":1921,"date":"2016-04-18T09:31:05","date_gmt":"2016-04-18T08:31:05","guid":{"rendered":"https:\/\/tjsokolkoberice.cz\/?page_id=1921"},"modified":"2025-11-27T16:17:29","modified_gmt":"2025-11-27T15:17:29","slug":"sezona-1989-1990","status":"publish","type":"page","link":"https:\/\/tjsokolkoberice.cz\/?page_id=1921","title":{"rendered":"Sez\u00f3na 1989-1990"},"content":{"rendered":"<p style=\"text-align: justify; padding-left: 30px;\"><span style=\"font-family: arial,helvetica,sans-serif; font-size: 12pt;\">Jako sestupuj\u00edc\u00ed mu\u017estvo z krajsk\u00e9ho p\u0159eboru jsme byli v sout\u011b\u017en\u00edm ro\u010dn\u00edku 1989-1990 favority. Podzimn\u00ed \u010d\u00e1st sez\u00f3ny jsme za\u010d\u00ednali dv\u011bma utk\u00e1n\u00edmi venku. Na h\u0159i\u0161ti ve Velk\u00fdch Ho\u0161tic\u00edch jsme prohr\u00e1li 0:2, ale venku s Ostrojem B jsme stejn\u00fdm pom\u011brem vyhr\u00e1li. D\u016fle\u017eit\u00e1 byla utk\u00e1n\u00ed s dal\u0161\u00edm favoritem sout\u011b\u017ee, Polankou. Podzimn\u00ed utk\u00e1n\u00ed jsme hr\u00e1li na h\u0159i\u0161ti v Polance, kde jsme uhr\u00e1li rem\u00edzu 2:2 po polo\u010dase 2:1 v n\u00e1\u0161 prosp\u011bch. \u00davodn\u00ed na\u0161i branku vs\u00edtil Zden\u011bk Jentky z p\u0159ihr\u00e1vky Valtra Teuera a druhou p\u0159idal kanon\u00fdr mu\u017estva Vratislav \u0160r\u00e1m. Posledn\u011b jmenovan\u00fd hr\u00e1\u010d se stal nejlep\u0161\u00edm st\u0159elcem na\u0161eho mu\u017estva se 13 brankami. Souboj o postup jsme na \u00fakor Polanky prohr\u00e1li a tak i v dal\u0161\u00edm ro\u010dn\u00edku jsme hr\u00e1li krajskou sout\u011b\u017e I. A t\u0159\u00eddy.<\/span><\/p>\n<p style=\"text-align: justify; padding-left: 30px;\"><span style=\"font-family: arial,helvetica,sans-serif; font-size: 12pt;\">V sez\u00f3n\u011b 1989-1990 jsme vs\u00edtili sv\u00fdm soupe\u0159\u016fm 36 branek. Nebylo to sice hodn\u011b, p\u0159esto jsme dok\u00e1zali z 26 utk\u00e1n\u00ed 10x zv\u00edt\u011bzit. Kanon\u00fdrem mu\u017estva byl Vratislav \u0160r\u00e1m. Zaj\u00edmavosti je, \u017ee mu\u017estvo Kun\u010di\u010dek, kter\u00e9 obsadilo a\u017e 13. M\u00edsto, dalo sv\u00fdm soupe\u0159\u016fm nejv\u00edce branek.<\/span><\/p>\n<p style=\"text-align: justify; padding-left: 30px;\"><span style=\"font-family: arial,helvetica,sans-serif; font-size: 12pt;\">Vratislav \u0160r\u00e1m 13 branek, Zden\u011bk Jentky 4, Valter Teuer 5, Libor V\u00e1clav\u00edk 5, Zden\u011bk Jur\u010dek 3, Petr Kocur 2. Martin Halfar 1 a Roman Stuchl\u00edk 1 branku.<\/span><\/p>\n<p style=\"text-align: justify; padding-left: 30px;\"><span style=\"font-family: arial,helvetica,sans-serif; font-size: 12pt;\"><strong>Tabulka sez\u00f3ny 1989-1990<\/strong><\/span><\/p>\n<table>\n<tbody>\n<tr>\n<td>\n<table>\n<tbody>\n<tr>\n<td>1.<\/td>\n<td>TJ Polanka<\/td>\n<td>12<\/td>\n<td>12<\/td>\n<td>2<\/td>\n<td>42<\/td>\n<td>:<\/td>\n<td>27<\/td>\n<td>36<\/td>\n<\/tr>\n<tr>\n<td><strong>2.<\/strong><\/td>\n<td><strong>TJ Sokol Kobe\u0159ice<\/strong><\/td>\n<td><strong>10<\/strong><\/td>\n<td><strong>9<\/strong><\/td>\n<td><strong>7<\/strong><\/td>\n<td><strong>36<\/strong><\/td>\n<td><strong>:<\/strong><\/td>\n<td><strong>29<\/strong><\/td>\n<td><strong>29<\/strong><\/td>\n<\/tr>\n<tr>\n<td>3.<\/td>\n<td>Bolatice<\/td>\n<td>11<\/td>\n<td>7<\/td>\n<td>8<\/td>\n<td>31<\/td>\n<td>:<\/td>\n<td>31<\/td>\n<td>29<\/td>\n<\/tr>\n<tr>\n<td>4.<\/td>\n<td>Velk\u00e9 Ho\u0161tice<\/td>\n<td>11<\/td>\n<td>5<\/td>\n<td>10<\/td>\n<td>37<\/td>\n<td>:<\/td>\n<td>34<\/td>\n<td>27<\/td>\n<\/tr>\n<tr>\n<td>5.<\/td>\n<td>Jiskra Hru\u0161ov<\/td>\n<td>10<\/td>\n<td>6<\/td>\n<td>10<\/td>\n<td>32<\/td>\n<td>:<\/td>\n<td>38<\/td>\n<td>26<\/td>\n<\/tr>\n<tr>\n<td>6.<\/td>\n<td>Mari\u00e1nsk\u00e9 Hory<\/td>\n<td>9<\/td>\n<td>8<\/td>\n<td>9<\/td>\n<td>32<\/td>\n<td>:<\/td>\n<td>41<\/td>\n<td>26<\/td>\n<\/tr>\n<tr>\n<td>7.<\/td>\n<td>Kr\u00e1sn\u00e9 Pole<\/td>\n<td>9<\/td>\n<td>7<\/td>\n<td>10<\/td>\n<td>36<\/td>\n<td>:<\/td>\n<td>34<\/td>\n<td>25<\/td>\n<\/tr>\n<tr>\n<td>8.<\/td>\n<td>Kate\u0159inice<\/td>\n<td>8<\/td>\n<td>9<\/td>\n<td>9<\/td>\n<td>35<\/td>\n<td>:<\/td>\n<td>36<\/td>\n<td>25<\/td>\n<\/tr>\n<tr>\n<td>9.<\/td>\n<td>\u010cSAD Hav\u00ed\u0159ov<\/td>\n<td>9<\/td>\n<td>7<\/td>\n<td>10<\/td>\n<td>46<\/td>\n<td>:<\/td>\n<td>48<\/td>\n<td>25<\/td>\n<\/tr>\n<tr>\n<td>10.<\/td>\n<td>Hlu\u010d\u00edn<\/td>\n<td>10<\/td>\n<td>4<\/td>\n<td>12<\/td>\n<td>41<\/td>\n<td>:<\/td>\n<td>34<\/td>\n<td>24<\/td>\n<\/tr>\n<tr>\n<td>11.<\/td>\n<td>PS Ostrava<\/td>\n<td>8<\/td>\n<td>8<\/td>\n<td>10<\/td>\n<td>30<\/td>\n<td>:<\/td>\n<td>31<\/td>\n<td>24<\/td>\n<\/tr>\n<tr>\n<td>12.<\/td>\n<td>Ostroj Opava B<\/td>\n<td>11<\/td>\n<td>2<\/td>\n<td>13<\/td>\n<td>38<\/td>\n<td>:<\/td>\n<td>52<\/td>\n<td>24<\/td>\n<\/tr>\n<tr>\n<td>13.<\/td>\n<td>Kun\u010di\u010dky<\/td>\n<td>6<\/td>\n<td>11<\/td>\n<td>9<\/td>\n<td>47<\/td>\n<td>:<\/td>\n<td>45<\/td>\n<td>23<\/td>\n<\/tr>\n<tr>\n<td>14.<\/td>\n<td>NH Karvin\u00e1<\/td>\n<td>10<\/td>\n<td>1<\/td>\n<td>15<\/td>\n<td>41<\/td>\n<td>:<\/td>\n<td>47<\/td>\n<td>21<\/td>\n<\/tr>\n<\/tbody>\n<\/table>\n<\/td>\n<\/tr>\n<\/tbody>\n<\/table>\n","protected":false},"excerpt":{"rendered":"<p>Jako sestupuj\u00edc\u00ed mu\u017estvo z krajsk\u00e9ho p\u0159eboru jsme byli v sout\u011b\u017en\u00edm ro\u010dn\u00edku 1989-1990 favority. Podzimn\u00ed \u010d\u00e1st sez\u00f3ny jsme za\u010d\u00ednali dv\u011bma utk\u00e1n\u00edmi venku. Na h\u0159i\u0161ti ve Velk\u00fdch Ho\u0161tic\u00edch<span class=\"excerpt-hellip\"> [\u2026]<\/span><\/p>\n","protected":false},"author":3,"featured_media":0,"parent":311,"menu_order":0,"comment_status":"closed","ping_status":"closed","template":"","meta":{"ngg_post_thumbnail":0,"footnotes":""},"class_list":["post-1921","page","type-page","status-publish","hentry"],"_links":{"self":[{"href":"https:\/\/tjsokolkoberice.cz\/index.php?rest_route=\/wp\/v2\/pages\/1921","targetHints":{"allow":["GET"]}}],"collection":[{"href":"https:\/\/tjsokolkoberice.cz\/index.php?rest_route=\/wp\/v2\/pages"}],"about":[{"href":"https:\/\/tjsokolkoberice.cz\/index.php?rest_route=\/wp\/v2\/types\/page"}],"author":[{"embeddable":true,"href":"https:\/\/tjsokolkoberice.cz\/index.php?rest_route=\/wp\/v2\/users\/3"}],"replies":[{"embeddable":true,"href":"https:\/\/tjsokolkoberice.cz\/index.php?rest_route=%2Fwp%2Fv2%2Fcomments&post=1921"}],"version-history":[{"count":3,"href":"https:\/\/tjsokolkoberice.cz\/index.php?rest_route=\/wp\/v2\/pages\/1921\/revisions"}],"predecessor-version":[{"id":1924,"href":"https:\/\/tjsokolkoberice.cz\/index.php?rest_route=\/wp\/v2\/pages\/1921\/revisions\/1924"}],"up":[{"embeddable":true,"href":"https:\/\/tjsokolkoberice.cz\/index.php?rest_route=\/wp\/v2\/pages\/311"}],"wp:attachment":[{"href":"https:\/\/tjsokolkoberice.cz\/index.php?rest_route=%2Fwp%2Fv2%2Fmedia&parent=1921"}],"curies":[{"name":"wp","href":"https:\/\/api.w.org\/{rel}","templated":true}]}}