{"id":2530,"date":"2016-07-14T10:30:31","date_gmt":"2016-07-14T09:30:31","guid":{"rendered":"https:\/\/tjsokolkoberice.cz\/?page_id=2530"},"modified":"2020-12-12T23:05:59","modified_gmt":"2020-12-12T22:05:59","slug":"pronajem-kurtu","status":"publish","type":"page","link":"https:\/\/tjsokolkoberice.cz\/?page_id=2530","title":{"rendered":"Pron\u00e1jem kurt\u016f"},"content":{"rendered":"<h1 style=\"text-align: justify;\"><span style=\"font-family: arial,helvetica,sans-serif; font-size: 12pt;\"><strong>PRON\u00c1JEM TENISOV\u00ddCH KURT\u016e<\/strong><\/span><\/h1>\n<ul style=\"text-align: justify;\">\n<li><span style=\"font-family: arial,helvetica,sans-serif; font-size: 12pt;\">\u010clenov\u00e9 tenisov\u00e9ho odd\u00edlu plat\u00ed 300 K\u010d za rok p\u0159i rezervaci kurtu 2 hodin t\u00fddn\u011b. Podm\u00ednkou je odpracov\u00e1n\u00ed 12 brig\u00e1dnick\u00fdch hodin ro\u010dn\u011b.<\/span><\/li>\n<li><span style=\"font-family: arial,helvetica,sans-serif; font-size: 12pt;\">V\u00a0p\u0159\u00edpad\u011b neodpracov\u00e1n\u00ed 12 brig\u00e1dnick\u00fdch hodin plat\u00ed \u010dlenov\u00e9 tenisov\u00e9ho odd\u00edlu 600 K\u010d.<\/span><\/li>\n<li><span style=\"font-family: arial,helvetica,sans-serif; font-size: 12pt;\">Cena za pron\u00e1jem tenisov\u00e9ho kurtu pro ne\u010dleny tenisov\u00e9ho odd\u00edlu \u010din\u00ed 50 K\u010d\/hod bez ohledu na v\u011bk hr\u00e1\u010de. Pokud hraje \u010dlen TO s\u00a0ne\u010dlenem TO, tak ne\u010dlen plat\u00ed 25 K\u010d\/hod.<\/span><\/li>\n<\/ul>\n<p style=\"text-align: justify;\"><span style=\"font-family: arial,helvetica,sans-serif; font-size: 12pt;\">Rezervace u Petra Krauta \u2013 mob. 731 955 338<\/span><\/p>\n<p style=\"text-align: justify;\"><span style=\"font-family: arial,helvetica,sans-serif; font-size: 12pt;\"><strong>\u00a0<\/strong><\/span><\/p>\n<p style=\"text-align: justify;\"><span style=\"font-family: arial,helvetica,sans-serif; font-size: 12pt;\"><strong>PRON\u00c1JEM VOLEJBALOV\u00ddCH KURT\u016e<\/strong><\/span><\/p>\n<ul style=\"text-align: justify;\">\n<li><span style=\"font-family: arial,helvetica,sans-serif; font-size: 12pt;\">\u010clenov\u00e9 volejbalov\u00e9ho odd\u00edlu maj\u00ed oba kurty pravideln\u011b rezervov\u00e1ny v\u00a0\u00fater\u00fd a ve \u010dtvrtek od 18 do 21 hodin.<\/span><\/li>\n<li><span style=\"font-family: arial,helvetica,sans-serif; font-size: 12pt;\">Cena za pron\u00e1jem kurtu \u010din\u00ed 100 K\u010d\/hod bez ohledu na po\u010det hr\u00e1\u010d\u016f a jejich v\u011bk.<\/span><\/li>\n<\/ul>\n<p style=\"text-align: justify;\"><span style=\"font-family: arial,helvetica,sans-serif; font-size: 12pt;\">Objednat u\u00a0Hanky Jur\u010dkov\u00e9 \u2013 mob. 733 659 086<\/span><\/p>\n<h1 style=\"text-align: justify;\"><\/h1>\n","protected":false},"excerpt":{"rendered":"<p>PRON\u00c1JEM TENISOV\u00ddCH KURT\u016e \u010clenov\u00e9 tenisov\u00e9ho odd\u00edlu plat\u00ed 300 K\u010d za rok p\u0159i rezervaci kurtu 2 hodin t\u00fddn\u011b. Podm\u00ednkou je odpracov\u00e1n\u00ed 12 brig\u00e1dnick\u00fdch hodin ro\u010dn\u011b. V\u00a0p\u0159\u00edpad\u011b neodpracov\u00e1n\u00ed<span class=\"excerpt-hellip\"> [\u2026]<\/span><\/p>\n","protected":false},"author":3,"featured_media":0,"parent":335,"menu_order":0,"comment_status":"closed","ping_status":"closed","template":"","meta":{"ngg_post_thumbnail":0,"footnotes":""},"class_list":["post-2530","page","type-page","status-publish","hentry"],"_links":{"self":[{"href":"https:\/\/tjsokolkoberice.cz\/index.php?rest_route=\/wp\/v2\/pages\/2530","targetHints":{"allow":["GET"]}}],"collection":[{"href":"https:\/\/tjsokolkoberice.cz\/index.php?rest_route=\/wp\/v2\/pages"}],"about":[{"href":"https:\/\/tjsokolkoberice.cz\/index.php?rest_route=\/wp\/v2\/types\/page"}],"author":[{"embeddable":true,"href":"https:\/\/tjsokolkoberice.cz\/index.php?rest_route=\/wp\/v2\/users\/3"}],"replies":[{"embeddable":true,"href":"https:\/\/tjsokolkoberice.cz\/index.php?rest_route=%2Fwp%2Fv2%2Fcomments&post=2530"}],"version-history":[{"count":7,"href":"https:\/\/tjsokolkoberice.cz\/index.php?rest_route=\/wp\/v2\/pages\/2530\/revisions"}],"predecessor-version":[{"id":7046,"href":"https:\/\/tjsokolkoberice.cz\/index.php?rest_route=\/wp\/v2\/pages\/2530\/revisions\/7046"}],"up":[{"embeddable":true,"href":"https:\/\/tjsokolkoberice.cz\/index.php?rest_route=\/wp\/v2\/pages\/335"}],"wp:attachment":[{"href":"https:\/\/tjsokolkoberice.cz\/index.php?rest_route=%2Fwp%2Fv2%2Fmedia&parent=2530"}],"curies":[{"name":"wp","href":"https:\/\/api.w.org\/{rel}","templated":true}]}}