{"id":2730,"date":"2016-08-27T09:01:57","date_gmt":"2016-08-27T08:01:57","guid":{"rendered":"https:\/\/tjsokolkoberice.cz\/?page_id=2730"},"modified":"2025-11-25T14:14:30","modified_gmt":"2025-11-25T13:14:30","slug":"tenis-historie","status":"publish","type":"page","link":"https:\/\/tjsokolkoberice.cz\/?page_id=2730","title":{"rendered":"Historie tenisu"},"content":{"rendered":"<p style=\"text-align: justify;\"><a href=\"https:\/\/tjsokolkoberice.cz\/wp-content\/uploads\/2016\/07\/kurt4.jpg\"><img loading=\"lazy\" decoding=\"async\" class=\"alignnone size-large wp-image-2526\" src=\"https:\/\/tjsokolkoberice.cz\/wp-content\/uploads\/2016\/07\/kurt4-1024x538.jpg\" alt=\"\" width=\"1024\" height=\"538\" srcset=\"https:\/\/tjsokolkoberice.cz\/wp-content\/uploads\/2016\/07\/kurt4-1024x538.jpg 1024w, https:\/\/tjsokolkoberice.cz\/wp-content\/uploads\/2016\/07\/kurt4-300x158.jpg 300w, https:\/\/tjsokolkoberice.cz\/wp-content\/uploads\/2016\/07\/kurt4-768x404.jpg 768w, https:\/\/tjsokolkoberice.cz\/wp-content\/uploads\/2016\/07\/kurt4.jpg 1170w\" sizes=\"auto, (max-width:767px) 480px, (max-width:1024px) 100vw, 1024px\" \/><\/a><\/p>\n<p style=\"text-align: justify;\">&nbsp;<\/p>\n<p style=\"text-align: justify;\"><span style=\"font-family: arial,helvetica,sans-serif; font-size: 12pt;\">Tenis se hr\u00e1l v Kobe\u0159ic\u00edch ji\u017e od roku 2000. V roce 2002 se poda\u0159ilo zah\u00e1jit v obci v\u00fdstavbu tenisov\u00fdch kurt\u016f. V kv\u011btnu 2003 byl ofici\u00e1ln\u011b ustaven z iniciativy Ing. Petra Krauta a n\u011bkter\u00fdch dal\u0161\u00edch hr\u00e1\u010d\u016f tenisov\u00fd klub TJ Sokol Kobe\u0159ice, kter\u00fd zanedlouho vykazoval 38 \u010dlen\u016f. Mnoz\u00ed z nich pom\u00e1hali p\u0159i dokon\u010dovac\u00edch prac\u00edch p\u0159i budov\u00e1n\u00ed kurt\u016f \u2013 zejm\u00e9na p\u0159i ter\u00e9nn\u00edch \u00faprav\u00e1ch.<\/span><\/p>\n<p style=\"text-align: justify;\"><span style=\"font-family: arial,helvetica,sans-serif; font-size: 12pt;\">V roce 2004 byly kurty d\u00e1ny do u\u017e\u00edv\u00e1n\u00ed a ve dnech 26. \u2013 27. 8. toho roku se zde ji\u017e konal turnaj o p\u0159eborn\u00edka tenisu v obci. Tyto turnaje se konaly ka\u017edoro\u010dn\u011b a jejich 6. ro\u010dn\u00edk se uskute\u010dnil 29. 8. 2009. Zv\u00edt\u011bzil v n\u011bm Ing. Petr Kraut, druh\u00fd skon\u010dil Pavel Lukovi\u010d a t\u0159et\u00ed Tom\u00e1\u0161 Kubn\u00fd. Tyto turnaje pokra\u010dovaly i v dal\u0161\u00edch letech \u2013 v roce 2010 prob\u011bhly dokonce dva.&nbsp;Rovn\u011b\u017e \u010dlenov\u00e9 tenisov\u00e9ho odd\u00edlu se ka\u017edoro\u010dn\u011b pod\u00edlej\u00ed na po\u0159\u00e1d\u00e1n\u00ed sportovn\u00ed slavnosti.<\/span><\/p>\n","protected":false},"excerpt":{"rendered":"<p>&nbsp; Tenis se hr\u00e1l v Kobe\u0159ic\u00edch ji\u017e od roku 2000. V roce 2002 se poda\u0159ilo zah\u00e1jit v obci v\u00fdstavbu tenisov\u00fdch kurt\u016f. V kv\u011btnu 2003 byl ofici\u00e1ln\u011b<span class=\"excerpt-hellip\"> [\u2026]<\/span><\/p>\n","protected":false},"author":3,"featured_media":0,"parent":335,"menu_order":0,"comment_status":"closed","ping_status":"closed","template":"","meta":{"ngg_post_thumbnail":0,"footnotes":""},"class_list":["post-2730","page","type-page","status-publish","hentry"],"_links":{"self":[{"href":"https:\/\/tjsokolkoberice.cz\/index.php?rest_route=\/wp\/v2\/pages\/2730","targetHints":{"allow":["GET"]}}],"collection":[{"href":"https:\/\/tjsokolkoberice.cz\/index.php?rest_route=\/wp\/v2\/pages"}],"about":[{"href":"https:\/\/tjsokolkoberice.cz\/index.php?rest_route=\/wp\/v2\/types\/page"}],"author":[{"embeddable":true,"href":"https:\/\/tjsokolkoberice.cz\/index.php?rest_route=\/wp\/v2\/users\/3"}],"replies":[{"embeddable":true,"href":"https:\/\/tjsokolkoberice.cz\/index.php?rest_route=%2Fwp%2Fv2%2Fcomments&post=2730"}],"version-history":[{"count":9,"href":"https:\/\/tjsokolkoberice.cz\/index.php?rest_route=\/wp\/v2\/pages\/2730\/revisions"}],"predecessor-version":[{"id":9031,"href":"https:\/\/tjsokolkoberice.cz\/index.php?rest_route=\/wp\/v2\/pages\/2730\/revisions\/9031"}],"up":[{"embeddable":true,"href":"https:\/\/tjsokolkoberice.cz\/index.php?rest_route=\/wp\/v2\/pages\/335"}],"wp:attachment":[{"href":"https:\/\/tjsokolkoberice.cz\/index.php?rest_route=%2Fwp%2Fv2%2Fmedia&parent=2730"}],"curies":[{"name":"wp","href":"https:\/\/api.w.org\/{rel}","templated":true}]}}