{"id":355,"date":"2016-03-08T19:59:57","date_gmt":"2016-03-08T18:59:57","guid":{"rendered":"https:\/\/tjsokolkoberice.cz\/?page_id=355"},"modified":"2019-08-01T11:46:27","modified_gmt":"2019-08-01T10:46:27","slug":"adresa","status":"publish","type":"page","link":"https:\/\/tjsokolkoberice.cz\/?page_id=355","title":{"rendered":"Adresa"},"content":{"rendered":"<p style=\"padding-left: 30px;\"><img loading=\"lazy\" decoding=\"async\" class=\"wp-image-3288 aligncenter\" src=\"https:\/\/tjsokolkoberice.cz\/wp-content\/uploads\/2016\/12\/logo-sokol_zs.png\" alt=\"\" width=\"680\" height=\"224\" srcset=\"https:\/\/tjsokolkoberice.cz\/wp-content\/uploads\/2016\/12\/logo-sokol_zs.png 820w, https:\/\/tjsokolkoberice.cz\/wp-content\/uploads\/2016\/12\/logo-sokol_zs-300x99.png 300w, https:\/\/tjsokolkoberice.cz\/wp-content\/uploads\/2016\/12\/logo-sokol_zs-768x253.png 768w, https:\/\/tjsokolkoberice.cz\/wp-content\/uploads\/2016\/12\/logo-sokol_zs-816x270.png 816w\" sizes=\"auto, (max-width:767px) 480px, 680px\" \/><\/p>\n<p style=\"padding-left: 30px; text-align: center;\"><span style=\"font-size: 14pt; font-family: helvetica, arial, sans-serif;\"><strong>N\u00e1zev:&nbsp;<\/strong>T\u011blov\u00fdchovn\u00e1 jednota Sokol Kobe\u0159ice, z.s.<\/span><\/p>\n<p style=\"padding-left: 30px; text-align: center;\"><span style=\"font-size: 14pt; font-family: helvetica, arial, sans-serif;\"><strong>Ulice:&nbsp;<\/strong>Topolov\u00e1 774<\/span><\/p>\n<p style=\"padding-left: 30px; text-align: center;\"><span style=\"font-size: 14pt; font-family: helvetica, arial, sans-serif;\"><strong>M\u011bsto:&nbsp;<\/strong>Kobe\u0159ice 747 27<\/span><\/p>\n<p>&nbsp;<\/p>\n<p>[cs_map column_size=&#8220;1\/1&#8243; map_height=&#8220;220&#8243; map_lat=&#8220;49.981077&#8243; map_lon=&#8220;18.052038&#8243; map_zoom=&#8220;16&#8243; map_type=&#8220;roadmap&#8220; map_marker_icon1rk9=&#8220;Prohl\u00ed\u017eet&#8220; map_show_marker=&#8220;true&#8220; map_controls=&#8220;true&#8220; map_draggable=&#8220;true&#8220; map_scrollwheel=&#8220;true&#8220; map_border=&#8220;yes&#8220;]<\/p>\n","protected":false},"excerpt":{"rendered":"<p>N\u00e1zev:&nbsp;T\u011blov\u00fdchovn\u00e1 jednota Sokol Kobe\u0159ice, z.s. Ulice:&nbsp;Topolov\u00e1 774 M\u011bsto:&nbsp;Kobe\u0159ice 747 27 &nbsp; [cs_map column_size=&#8220;1\/1&#8243; map_height=&#8220;220&#8243; map_lat=&#8220;49.981077&#8243; map_lon=&#8220;18.052038&#8243; map_zoom=&#8220;16&#8243; map_type=&#8220;roadmap&#8220; map_marker_icon1rk9=&#8220;Prohl\u00ed\u017eet&#8220; map_show_marker=&#8220;true&#8220; map_controls=&#8220;true&#8220; map_draggable=&#8220;true&#8220; map_scrollwheel=&#8220;true&#8220; map_border=&#8220;yes&#8220;]<\/p>\n","protected":false},"author":1,"featured_media":0,"parent":309,"menu_order":0,"comment_status":"closed","ping_status":"closed","template":"","meta":{"ngg_post_thumbnail":0,"footnotes":""},"class_list":["post-355","page","type-page","status-publish","hentry"],"_links":{"self":[{"href":"https:\/\/tjsokolkoberice.cz\/index.php?rest_route=\/wp\/v2\/pages\/355","targetHints":{"allow":["GET"]}}],"collection":[{"href":"https:\/\/tjsokolkoberice.cz\/index.php?rest_route=\/wp\/v2\/pages"}],"about":[{"href":"https:\/\/tjsokolkoberice.cz\/index.php?rest_route=\/wp\/v2\/types\/page"}],"author":[{"embeddable":true,"href":"https:\/\/tjsokolkoberice.cz\/index.php?rest_route=\/wp\/v2\/users\/1"}],"replies":[{"embeddable":true,"href":"https:\/\/tjsokolkoberice.cz\/index.php?rest_route=%2Fwp%2Fv2%2Fcomments&post=355"}],"version-history":[{"count":27,"href":"https:\/\/tjsokolkoberice.cz\/index.php?rest_route=\/wp\/v2\/pages\/355\/revisions"}],"predecessor-version":[{"id":6447,"href":"https:\/\/tjsokolkoberice.cz\/index.php?rest_route=\/wp\/v2\/pages\/355\/revisions\/6447"}],"up":[{"embeddable":true,"href":"https:\/\/tjsokolkoberice.cz\/index.php?rest_route=\/wp\/v2\/pages\/309"}],"wp:attachment":[{"href":"https:\/\/tjsokolkoberice.cz\/index.php?rest_route=%2Fwp%2Fv2%2Fmedia&parent=355"}],"curies":[{"name":"wp","href":"https:\/\/api.w.org\/{rel}","templated":true}]}}