{"id":3559,"date":"2017-03-05T10:35:37","date_gmt":"2017-03-05T09:35:37","guid":{"rendered":"https:\/\/tjsokolkoberice.cz\/?page_id=3559"},"modified":"2017-03-05T19:27:18","modified_gmt":"2017-03-05T18:27:18","slug":"muzi-a-soustredeni-2017-fotogalerie","status":"publish","type":"page","link":"https:\/\/tjsokolkoberice.cz\/?page_id=3559","title":{"rendered":"Mu\u017ei &#8222;A&#8220; &#8211; soust\u0159ed\u011bn\u00ed 2017 &#8211; fotogalerie"},"content":{"rendered":"<p><span style=\"font-size: 12pt; font-family: arial,helvetica,sans-serif;\">Fotky ze soust\u0159ed\u011bn\u00ed, kter\u00e9 prob\u011bhlo 23. &#8211; 26. 2. 2017.<\/span><\/p>\nngg_shortcode_0_placeholder\n","protected":false},"excerpt":{"rendered":"<p>Fotky ze soust\u0159ed\u011bn\u00ed, kter\u00e9 prob\u011bhlo 23. &#8211; 26. 2. 2017. &#8220; order_by=&#8220;sortorder&#8220; order_direction=&#8220;ASC&#8220; returns=&#8220;included&#8220; maximum_entity_count=&#8220;500&#8243;]<\/p>\n","protected":false},"author":3,"featured_media":0,"parent":307,"menu_order":0,"comment_status":"closed","ping_status":"closed","template":"","meta":{"ngg_post_thumbnail":0,"footnotes":""},"class_list":["post-3559","page","type-page","status-publish","hentry"],"_links":{"self":[{"href":"https:\/\/tjsokolkoberice.cz\/index.php?rest_route=\/wp\/v2\/pages\/3559","targetHints":{"allow":["GET"]}}],"collection":[{"href":"https:\/\/tjsokolkoberice.cz\/index.php?rest_route=\/wp\/v2\/pages"}],"about":[{"href":"https:\/\/tjsokolkoberice.cz\/index.php?rest_route=\/wp\/v2\/types\/page"}],"author":[{"embeddable":true,"href":"https:\/\/tjsokolkoberice.cz\/index.php?rest_route=\/wp\/v2\/users\/3"}],"replies":[{"embeddable":true,"href":"https:\/\/tjsokolkoberice.cz\/index.php?rest_route=%2Fwp%2Fv2%2Fcomments&post=3559"}],"version-history":[{"count":6,"href":"https:\/\/tjsokolkoberice.cz\/index.php?rest_route=\/wp\/v2\/pages\/3559\/revisions"}],"predecessor-version":[{"id":3561,"href":"https:\/\/tjsokolkoberice.cz\/index.php?rest_route=\/wp\/v2\/pages\/3559\/revisions\/3561"}],"up":[{"embeddable":true,"href":"https:\/\/tjsokolkoberice.cz\/index.php?rest_route=\/wp\/v2\/pages\/307"}],"wp:attachment":[{"href":"https:\/\/tjsokolkoberice.cz\/index.php?rest_route=%2Fwp%2Fv2%2Fmedia&parent=3559"}],"curies":[{"name":"wp","href":"https:\/\/api.w.org\/{rel}","templated":true}]}}