{"id":5161,"date":"2018-05-21T21:01:31","date_gmt":"2018-05-21T20:01:31","guid":{"rendered":"https:\/\/tjsokolkoberice.cz\/?page_id=5161"},"modified":"2025-11-25T13:59:40","modified_gmt":"2025-11-25T12:59:40","slug":"historie-volejbalu","status":"publish","type":"page","link":"https:\/\/tjsokolkoberice.cz\/?page_id=5161","title":{"rendered":"Historie volejbalu"},"content":{"rendered":"<p style=\"text-align: justify;\"><a href=\"https:\/\/tjsokolkoberice.cz\/wp-content\/uploads\/2016\/07\/kurt2.jpg\"><img loading=\"lazy\" decoding=\"async\" class=\"alignnone size-large wp-image-2528\" src=\"https:\/\/tjsokolkoberice.cz\/wp-content\/uploads\/2016\/07\/kurt2-1024x538.jpg\" alt=\"\" width=\"1024\" height=\"538\" srcset=\"https:\/\/tjsokolkoberice.cz\/wp-content\/uploads\/2016\/07\/kurt2-1024x538.jpg 1024w, https:\/\/tjsokolkoberice.cz\/wp-content\/uploads\/2016\/07\/kurt2-300x158.jpg 300w, https:\/\/tjsokolkoberice.cz\/wp-content\/uploads\/2016\/07\/kurt2-768x404.jpg 768w, https:\/\/tjsokolkoberice.cz\/wp-content\/uploads\/2016\/07\/kurt2.jpg 1170w\" sizes=\"auto, (max-width:767px) 480px, (max-width:1024px) 100vw, 1024px\" \/><\/a><\/p>\n<p style=\"text-align: justify;\">&nbsp;<\/p>\n<p style=\"text-align: justify;\"><span style=\"font-size: 12pt; font-family: helvetica, arial, sans-serif;\">Po\u010d\u00e1tky \u017eensk\u00e9ho volejbalu v Kobe\u0159ic\u00edch se datuj\u00ed od roku 1973, kdy byl p\u0159i z\u00e1kladn\u00ed \u0161kole zalo\u017een krou\u017eek volejbalu pod veden\u00edm G\u00fcntera Sniehotty, kter\u00fd v\u0161ak m\u011bl trv\u00e1n\u00ed jen asi dva roky. Pot\u00e9 n\u011bkter\u00e9 \u010dlenky volejbalov\u00e9ho krou\u017eku (b\u00fdval\u00e9 \u017ea\u010dky), vytvo\u0159ily odd\u00edl dorostenek a pozd\u011bji i \u017een p\u0159i TJ Sokol Kobe\u0159ice a p\u0159ihl\u00e1sily se k sout\u011b\u017en\u00ed \u010dinnosti. V okresn\u00edm p\u0159eboru obsazovaly m\u00edsta v\u011bt\u0161inou ve druh\u00e9 polovin\u011b tabulky, zdaleka ne v\u0161ak m\u00edsta posledn\u00ed. K tehdej\u0161\u00edm hr\u00e1\u010dk\u00e1m pat\u0159ily Jana Obrusn\u00edkov\u00e1, Helena a Gertruda Buchtovy, Renata Tru\u0161inov\u00e1, Jana Ko\u010d\u00ed, Anna Kocurov\u00e1, Rita Uli\u010dkov\u00e1 a dal\u0161\u00ed. Pozd\u011bji, s odchodem n\u011bkter\u00fdch hr\u00e1\u010dek na mate\u0159skou dovolenou \u010di na studia do jin\u00e9ho prost\u0159ed\u00ed, odd\u00edl volejbalu \u017een na n\u011bjak\u00fd \u010das zanikl.<\/span><\/p>\n<p style=\"text-align: justify;\"><span style=\"font-size: 12pt; font-family: helvetica, arial, sans-serif;\">Znovu byl obnoven v roce 1984, kdy od z\u00e1\u0159\u00ed za\u010daly v t\u011blocvi\u010dn\u011b Z\u0160 op\u011bt tr\u00e9ninky pod odborn\u00fdm veden\u00edm t\u011blocvik\u00e1\u0159e p. u\u010ditele Pavl\u00ed\u010dka. Hned n\u00e1sleduj\u00edc\u00ed jaro 1985 znamenalo op\u011btn\u00e9 p\u0159ihl\u00e1\u0161en\u00ed do sout\u011b\u017e\u00ed. K b\u00fdval\u00fdm volejbalistk\u00e1m se p\u0159idaly mlad\u00e9 matky i talentovan\u00e9 posily, nap\u0159. Milena Slov\u00edkov\u00e1, Pavla Las\u00e1kov\u00e1, Marcela Halfarov\u00e1, Ilona \u0160\u00edmov\u00e1, Eva Vr\u00e1nov\u00e1, Monika Ka\u0161n\u00e1, Hana Sekelov\u00e1, Blanka a Andrea Horsk\u00e9, Monika \u0160\u00edmov\u00e1, Michaela a T\u00e1\u0148a Bo\u010dkovy, Libu\u0161e Watzlawikov\u00e1, Jarka Kocurov\u00e1, Milu\u0161e V\u00e1clav\u00edkov\u00e1, Milu\u0161e Buchtov\u00e1. Pan Pavl\u00ed\u010dek vedl odd\u00edl volejbalu do roku 1992, a pot\u00e9 se odst\u011bhoval z Kobe\u0159ic, zalo\u017eil volejbalov\u00fd odd\u00edl v Sudic\u00edch, jeden z na\u0161ich nyn\u011bj\u0161\u00edch soupe\u0159\u016f.<\/span><\/p>\n<p style=\"text-align: justify;\"><span style=\"font-size: 12pt; font-family: helvetica, arial, sans-serif;\">N\u00e1sleduj\u00edc\u00ed roky jsme tr\u00e9novaly a hr\u00e1ly okresn\u00ed sout\u011b\u017ee samy. V\u00fdsledky byly st\u0159\u00eddav\u00e9, v\u011bt\u0161inou ve st\u0159edu tabulky, v z\u00e1vislosti na moment\u00e1ln\u00edm slo\u017een\u00ed hraj\u00edc\u00edho mu\u017estva. P\u0159ibyly dal\u0161\u00ed hr\u00e1\u010dky \u2013 Martina Latkov\u00e1, Ivana Kubn\u00e1, Regina Wernerov\u00e1, Eva V\u00e1le\u010dkov\u00e1, Barbara Stuchl\u00edkov\u00e1.<\/span><\/p>\n","protected":false},"excerpt":{"rendered":"<p>&nbsp; Po\u010d\u00e1tky \u017eensk\u00e9ho volejbalu v Kobe\u0159ic\u00edch se datuj\u00ed od roku 1973, kdy byl p\u0159i z\u00e1kladn\u00ed \u0161kole zalo\u017een krou\u017eek volejbalu pod veden\u00edm G\u00fcntera Sniehotty, kter\u00fd v\u0161ak m\u011bl<span class=\"excerpt-hellip\"> [\u2026]<\/span><\/p>\n","protected":false},"author":3,"featured_media":0,"parent":329,"menu_order":0,"comment_status":"closed","ping_status":"closed","template":"","meta":{"ngg_post_thumbnail":0,"footnotes":""},"class_list":["post-5161","page","type-page","status-publish","hentry"],"_links":{"self":[{"href":"https:\/\/tjsokolkoberice.cz\/index.php?rest_route=\/wp\/v2\/pages\/5161","targetHints":{"allow":["GET"]}}],"collection":[{"href":"https:\/\/tjsokolkoberice.cz\/index.php?rest_route=\/wp\/v2\/pages"}],"about":[{"href":"https:\/\/tjsokolkoberice.cz\/index.php?rest_route=\/wp\/v2\/types\/page"}],"author":[{"embeddable":true,"href":"https:\/\/tjsokolkoberice.cz\/index.php?rest_route=\/wp\/v2\/users\/3"}],"replies":[{"embeddable":true,"href":"https:\/\/tjsokolkoberice.cz\/index.php?rest_route=%2Fwp%2Fv2%2Fcomments&post=5161"}],"version-history":[{"count":3,"href":"https:\/\/tjsokolkoberice.cz\/index.php?rest_route=\/wp\/v2\/pages\/5161\/revisions"}],"predecessor-version":[{"id":9025,"href":"https:\/\/tjsokolkoberice.cz\/index.php?rest_route=\/wp\/v2\/pages\/5161\/revisions\/9025"}],"up":[{"embeddable":true,"href":"https:\/\/tjsokolkoberice.cz\/index.php?rest_route=\/wp\/v2\/pages\/329"}],"wp:attachment":[{"href":"https:\/\/tjsokolkoberice.cz\/index.php?rest_route=%2Fwp%2Fv2%2Fmedia&parent=5161"}],"curies":[{"name":"wp","href":"https:\/\/api.w.org\/{rel}","templated":true}]}}