{"id":6042,"date":"2019-04-03T08:54:40","date_gmt":"2019-04-03T07:54:40","guid":{"rendered":"https:\/\/tjsokolkoberice.cz\/?page_id=6042"},"modified":"2025-12-16T17:36:25","modified_gmt":"2025-12-16T16:36:25","slug":"sokolcata","status":"publish","type":"page","link":"https:\/\/tjsokolkoberice.cz\/?page_id=6042","title":{"rendered":"Fotbalov\u00e1 mini\u0161koli\u010dka &#8211; Sokol\u010data"},"content":{"rendered":"<img loading=\"lazy\" decoding=\"async\" class=\"aligncenter wp-image-6045\" src=\"https:\/\/tjsokolkoberice.cz\/wp-content\/uploads\/2019\/04\/pripravka-1024x683.jpg\" alt=\"\" width=\"820\" height=\"547\" srcset=\"https:\/\/tjsokolkoberice.cz\/wp-content\/uploads\/2019\/04\/pripravka-1024x683.jpg 1024w, https:\/\/tjsokolkoberice.cz\/wp-content\/uploads\/2019\/04\/pripravka-300x200.jpg 300w, https:\/\/tjsokolkoberice.cz\/wp-content\/uploads\/2019\/04\/pripravka-768x513.jpg 768w, https:\/\/tjsokolkoberice.cz\/wp-content\/uploads\/2019\/04\/pripravka.jpg 1350w\" sizes=\"auto, (max-width:767px) 480px, (max-width:820px) 100vw, 820px\" \/>\r\n\r\n<a href=\"https:\/\/tjsokolkoberice.cz\/wp-content\/uploads\/2022\/07\/Fotbalova-skolicka-Sokolcata.pdf\" class=\"pdfemb-viewer\" style=\"\" data-width=\"max\" data-height=\"max\" data-toolbar=\"both\" data-toolbar-fixed=\"on\">Fotbalova-skolicka-Sokolcata<\/a>\r\n<p class=\"wp-block-pdfemb-pdf-embedder-viewer\">&nbsp;<\/p>\r\n\r\n<p><span style=\"font-size: 16pt; font-family: helvetica, arial, sans-serif;\"><strong>*** V zimn\u00edm obdob\u00ed tr\u00e9ninky prob\u00edhaj\u00ed ka\u017ed\u00e9 pond\u011bl\u00ed od 16:30 v nov\u00e9 hale Z\u0160.<\/strong><\/span><\/p>","protected":false},"excerpt":{"rendered":"<p>*** V zimn\u00edm obdob\u00ed tr\u00e9ninky prob\u00edhaj\u00ed ka\u017ed\u00e9 pond\u011bl\u00ed od 16:30 v nov\u00e9 hale Z\u0160.<\/p>\n","protected":false},"author":3,"featured_media":0,"parent":325,"menu_order":0,"comment_status":"closed","ping_status":"closed","template":"","meta":{"ngg_post_thumbnail":0,"footnotes":""},"class_list":["post-6042","page","type-page","status-publish","hentry"],"_links":{"self":[{"href":"https:\/\/tjsokolkoberice.cz\/index.php?rest_route=\/wp\/v2\/pages\/6042","targetHints":{"allow":["GET"]}}],"collection":[{"href":"https:\/\/tjsokolkoberice.cz\/index.php?rest_route=\/wp\/v2\/pages"}],"about":[{"href":"https:\/\/tjsokolkoberice.cz\/index.php?rest_route=\/wp\/v2\/types\/page"}],"author":[{"embeddable":true,"href":"https:\/\/tjsokolkoberice.cz\/index.php?rest_route=\/wp\/v2\/users\/3"}],"replies":[{"embeddable":true,"href":"https:\/\/tjsokolkoberice.cz\/index.php?rest_route=%2Fwp%2Fv2%2Fcomments&post=6042"}],"version-history":[{"count":7,"href":"https:\/\/tjsokolkoberice.cz\/index.php?rest_route=\/wp\/v2\/pages\/6042\/revisions"}],"predecessor-version":[{"id":8090,"href":"https:\/\/tjsokolkoberice.cz\/index.php?rest_route=\/wp\/v2\/pages\/6042\/revisions\/8090"}],"up":[{"embeddable":true,"href":"https:\/\/tjsokolkoberice.cz\/index.php?rest_route=\/wp\/v2\/pages\/325"}],"wp:attachment":[{"href":"https:\/\/tjsokolkoberice.cz\/index.php?rest_route=%2Fwp%2Fv2%2Fmedia&parent=6042"}],"curies":[{"name":"wp","href":"https:\/\/api.w.org\/{rel}","templated":true}]}}