{"id":7004,"date":"2020-10-21T19:09:58","date_gmt":"2020-10-21T18:09:58","guid":{"rendered":"https:\/\/tjsokolkoberice.cz\/?page_id=7004"},"modified":"2020-10-21T19:10:03","modified_gmt":"2020-10-21T18:10:03","slug":"kobericky-pulmaraton-2020","status":"publish","type":"page","link":"https:\/\/tjsokolkoberice.cz\/?page_id=7004","title":{"rendered":"Kobe\u0159ick\u00fd p\u016flmaraton 2020"},"content":{"rendered":"<a href=\"https:\/\/tjsokolkoberice.cz\/wp-content\/uploads\/2020\/09\/Kob.-p\u016flm.-2020-upout\u00e1vka.pdf\" class=\"pdfemb-viewer\" style=\"\" data-width=\"max\" data-height=\"max\" data-toolbar=\"both\" data-toolbar-fixed=\"on\">Kob.-p\u016flm.-2020-upout\u00e1vka<\/a>\n<p class=\"wp-block-pdfemb-pdf-embedder-viewer\"><\/p>\n","protected":false},"excerpt":{"rendered":"","protected":false},"author":3,"featured_media":0,"parent":0,"menu_order":0,"comment_status":"closed","ping_status":"closed","template":"","meta":{"ngg_post_thumbnail":0,"footnotes":""},"class_list":["post-7004","page","type-page","status-publish","hentry"],"_links":{"self":[{"href":"https:\/\/tjsokolkoberice.cz\/index.php?rest_route=\/wp\/v2\/pages\/7004","targetHints":{"allow":["GET"]}}],"collection":[{"href":"https:\/\/tjsokolkoberice.cz\/index.php?rest_route=\/wp\/v2\/pages"}],"about":[{"href":"https:\/\/tjsokolkoberice.cz\/index.php?rest_route=\/wp\/v2\/types\/page"}],"author":[{"embeddable":true,"href":"https:\/\/tjsokolkoberice.cz\/index.php?rest_route=\/wp\/v2\/users\/3"}],"replies":[{"embeddable":true,"href":"https:\/\/tjsokolkoberice.cz\/index.php?rest_route=%2Fwp%2Fv2%2Fcomments&post=7004"}],"version-history":[{"count":1,"href":"https:\/\/tjsokolkoberice.cz\/index.php?rest_route=\/wp\/v2\/pages\/7004\/revisions"}],"predecessor-version":[{"id":7005,"href":"https:\/\/tjsokolkoberice.cz\/index.php?rest_route=\/wp\/v2\/pages\/7004\/revisions\/7005"}],"wp:attachment":[{"href":"https:\/\/tjsokolkoberice.cz\/index.php?rest_route=%2Fwp%2Fv2%2Fmedia&parent=7004"}],"curies":[{"name":"wp","href":"https:\/\/api.w.org\/{rel}","templated":true}]}}