{"id":7980,"date":"2023-12-18T19:41:01","date_gmt":"2023-12-18T18:41:01","guid":{"rendered":"https:\/\/tjsokolkoberice.cz\/?page_id=7980"},"modified":"2025-11-25T20:23:21","modified_gmt":"2025-11-25T19:23:21","slug":"fanshop-2","status":"publish","type":"page","link":"https:\/\/tjsokolkoberice.cz\/?page_id=7980","title":{"rendered":"Fanshop"},"content":{"rendered":"<p><img loading=\"lazy\" decoding=\"async\" class=\"aligncenter wp-image-7976 size-full\" src=\"https:\/\/tjsokolkoberice.cz\/wp-content\/uploads\/2023\/11\/100let-logo-transparent.png\" alt=\"\" width=\"820\" height=\"312\" srcset=\"https:\/\/tjsokolkoberice.cz\/wp-content\/uploads\/2023\/11\/100let-logo-transparent.png 820w, https:\/\/tjsokolkoberice.cz\/wp-content\/uploads\/2023\/11\/100let-logo-transparent-300x114.png 300w, https:\/\/tjsokolkoberice.cz\/wp-content\/uploads\/2023\/11\/100let-logo-transparent-768x292.png 768w\" sizes=\"auto, (max-width:767px) 480px, (max-width:820px) 100vw, 820px\" \/><\/p>\n<p>&nbsp;<\/p>\n<p style=\"text-align: center;\"><span style=\"font-family: helvetica, arial, sans-serif; font-size: 18pt;\"><strong>Nov\u00fd sortiment d\u00e1rkov\u00fdch p\u0159edm\u011bt\u016f TJ Sokol<\/strong><\/span><\/p>\n<p>&nbsp;<\/p>\n<p style=\"text-align: justify;\"><span style=\"font-family: helvetica, arial, sans-serif; font-size: 12pt;\">U p\u0159\u00edle\u017eitosti 100 let\u00e9ho v\u00fdro\u010d\u00ed od zalo\u017een\u00ed p\u0159ipravil TJ Sokol Kobe\u0159ice nov\u00fd sortiment zbo\u017e\u00ed a reklamn\u00edch p\u0159edm\u011bt\u016f. Ty bude mo\u017en\u00e9 zakoupit v&nbsp;Pohostinstv\u00ed Na H\u0159i\u0161ti v&nbsp;Kobe\u0159ic\u00edch u pana<strong> Karla Gilara<\/strong> <strong>ve v\u0161edn\u00ed dny <\/strong><strong>mezi 15-17 hod., v sobotu a v ned\u011bli od 10-12 hod. <\/strong>P\u0159\u00edpadn\u011b se m\u016f\u017eete domluvit individu\u00e1ln\u011b na tel. \u010d\u00edsle<strong> 776 669 272.<\/strong><\/span><\/p>\n<p style=\"text-align: justify;\"><span style=\"font-family: helvetica, arial, sans-serif; font-size: 12pt;\">Nab\u00edz\u00edme v\u0161em fanou\u0161k\u016fm mo\u017enost zakoupit si nov\u00e9 <strong><em>k\u0161iltovky, tri\u010dka, zimn\u00ed rukavice, mini\u0161\u00e1ly do auta<\/em><\/strong>, <strong><em>n\u00e1ramky, propisky, di\u00e1\u0159e, stoln\u00ed a n\u00e1st\u011bnn\u00e9 kalend\u00e1\u0159e <\/em><\/strong>s&nbsp;historick\u00fdmi i sou\u010dasn\u00fdmi fotkami s&nbsp;motivem TJ Sokol. D\u00e1le pak d\u00e1rkovou<strong><em> sadu kvalitn\u00edho b\u00edl\u00e9ho v\u00edna <\/em><\/strong><em>(zna\u010dky Vinium)<\/em><strong><em> s&nbsp;vinnou skleni\u010dkou<\/em>, <em>samostatn\u00e9 vinn\u00e9 skleni\u010dky, sklenice na pivo 0,3 l, placatky a NICK NACK kel\u00edmky<\/em><\/strong>. To v\u0161e s&nbsp;logy a motivy TJ Sokol Kobe\u0159ice.<\/span><\/p>\n<p style=\"text-align: justify;\"><span style=\"font-family: helvetica, arial, sans-serif; font-size: 12pt;\">Mimo jin\u00e9 je mo\u017en\u00e9 za <strong>zv\u00fdhodn\u011bnou cenu<\/strong> zakoupit rovn\u011b\u017e star\u0161\u00ed produkty, jako <strong><em>k\u0161iltovky<\/em><em>,<\/em><em> zimn\u00ed \u010depice<\/em><em>,<\/em><em> \u0161\u00e1ly a d\u00e1msk\u00e9 poloko\u0161ile<\/em><\/strong><em>.<\/em><\/span><\/p>\n<p style=\"text-align: justify;\"><span style=\"font-family: helvetica, arial, sans-serif; font-size: 12pt;\">Vyu\u017eijte tuto nab\u00eddku k&nbsp;zakoupen\u00ed n\u011bkter\u00e9ho z&nbsp;nab\u00edzen\u00fdch p\u0159edm\u011bt\u016f ji\u017e te\u010f p\u0159ed V\u00e1noci a obdarujte tak sv\u00e9 bl\u00edzk\u00e9, p\u0159\u00edznivce TJ Sokol Kobe\u0159ice!<\/span><\/p>\n<p>ngg_shortcode_0_placeholder<span style=\"font-family: helvetica, arial, sans-serif; font-size: 12pt;\"><strong><em><u>Cen\u00edk produkt\u016f:<\/u><\/em><\/strong><\/span><\/p>\n<p><span style=\"font-family: helvetica, arial, sans-serif; font-size: 12pt;\"><strong>Zimn\u00ed softshelov\u00e9 rukavice&nbsp; &nbsp; &nbsp; &nbsp; &nbsp; &nbsp; &nbsp; &nbsp; &nbsp; &nbsp; &nbsp; &nbsp; &nbsp; &nbsp;320 K\u010d<\/strong><\/span><\/p>\n<p><span style=\"font-family: helvetica, arial, sans-serif; font-size: 12pt;\"><strong>Tmav\u011b modr\u00e9 triko s logem&nbsp; &nbsp; &nbsp; &nbsp; &nbsp; &nbsp; &nbsp; &nbsp; &nbsp; &nbsp; &nbsp; &nbsp; &nbsp; 300 K\u010d<\/strong><\/span><\/p>\n<p><span style=\"font-family: helvetica, arial, sans-serif; font-size: 12pt;\"><strong>K\u0161iltovka&nbsp; &nbsp; &nbsp; &nbsp; &nbsp; &nbsp; &nbsp; &nbsp; &nbsp; &nbsp; &nbsp; &nbsp; &nbsp; &nbsp; &nbsp; &nbsp; &nbsp; &nbsp; &nbsp; &nbsp; &nbsp; &nbsp; &nbsp; &nbsp; &nbsp; &nbsp; &nbsp; &nbsp; &nbsp;200 K\u010d<\/strong><\/span><\/p>\n<p><span style=\"font-family: helvetica, arial, sans-serif; font-size: 12pt;\"><strong>Mini\u0161\u00e1la do auta&nbsp; &nbsp; &nbsp; &nbsp; &nbsp; &nbsp; &nbsp; &nbsp; &nbsp; &nbsp; &nbsp; &nbsp; &nbsp; &nbsp; &nbsp; &nbsp; &nbsp; &nbsp; &nbsp; &nbsp; &nbsp; &nbsp; &nbsp;200 K\u010d<\/strong><\/span><\/p>\n<p><span style=\"font-family: helvetica, arial, sans-serif; font-size: 12pt;\"><strong>Propiska&nbsp; &nbsp; &nbsp; &nbsp; &nbsp; &nbsp; &nbsp; &nbsp; &nbsp; &nbsp; &nbsp; &nbsp; &nbsp; &nbsp; &nbsp; &nbsp; &nbsp; &nbsp; &nbsp; &nbsp; &nbsp; &nbsp; &nbsp; &nbsp; &nbsp; &nbsp; &nbsp; &nbsp; &nbsp; &nbsp; 25 K\u010d<\/strong><\/span><\/p>\n<p><span style=\"font-family: helvetica, arial, sans-serif; font-size: 12pt;\"><strong>Silikonov\u00fd n\u00e1ramek&nbsp; &nbsp; &nbsp; &nbsp; &nbsp; &nbsp; &nbsp; &nbsp; &nbsp; &nbsp; &nbsp; &nbsp; &nbsp; &nbsp; &nbsp; &nbsp; &nbsp; &nbsp; &nbsp; &nbsp; &nbsp;30 K\u010d<\/strong><\/span><\/p>\n<p><span style=\"font-family: helvetica, arial, sans-serif; font-size: 12pt;\"><strong>Di\u00e1\u0159 na rok 2024&nbsp; &nbsp; &nbsp; &nbsp; &nbsp; &nbsp; &nbsp; &nbsp; &nbsp; &nbsp; &nbsp; &nbsp; &nbsp; &nbsp; &nbsp; &nbsp; &nbsp; &nbsp; &nbsp; &nbsp; &nbsp; &nbsp; &nbsp; 200 K\u010d<\/strong><\/span><\/p>\n<p><span style=\"font-family: helvetica, arial, sans-serif; font-size: 12pt;\"><strong>Stoln\u00ed kalend\u00e1\u0159&nbsp; &nbsp; &nbsp; &nbsp; &nbsp; &nbsp; &nbsp; &nbsp; &nbsp; &nbsp; &nbsp; &nbsp; &nbsp; &nbsp; &nbsp; &nbsp; &nbsp; &nbsp; &nbsp; &nbsp; &nbsp; &nbsp; &nbsp; &nbsp; 150 K\u010d<\/strong><\/span><\/p>\n<p><span style=\"font-family: helvetica, arial, sans-serif; font-size: 12pt;\"><strong>N\u00e1st\u011bnn\u00fd kalend\u00e1\u0159&nbsp; &nbsp; &nbsp; &nbsp; &nbsp; &nbsp; &nbsp; &nbsp; &nbsp; &nbsp; &nbsp; &nbsp; &nbsp; &nbsp; &nbsp; &nbsp; &nbsp; &nbsp; &nbsp; &nbsp; &nbsp; 170 K\u010d<\/strong><\/span><\/p>\n<p><span style=\"font-family: helvetica, arial, sans-serif; font-size: 12pt;\"><strong>Sada b\u00edl\u00e9ho v\u00edna a sklenice na v\u00edno&nbsp; &nbsp; &nbsp; &nbsp; &nbsp; &nbsp; &nbsp; 220 K\u010d<\/strong><\/span><\/p>\n<p><span style=\"font-family: helvetica, arial, sans-serif; font-size: 12pt;\"><strong>Samostatn\u00e1 sklenice na v\u00edno&nbsp; &nbsp; &nbsp; &nbsp; &nbsp; &nbsp; &nbsp; &nbsp; &nbsp; &nbsp; &nbsp; &nbsp; &nbsp;100 K\u010d<\/strong><\/span><\/p>\n<p><span style=\"font-family: helvetica, arial, sans-serif; font-size: 12pt;\"><strong>Samostatn\u00e1 sklenice na pivo 0,3l&nbsp; &nbsp; &nbsp; &nbsp; &nbsp; &nbsp; &nbsp; &nbsp; &nbsp; 120 K\u010d<\/strong><\/span><\/p>\n<p><span style=\"font-family: helvetica, arial, sans-serif; font-size: 12pt;\"><strong>Placatka&nbsp; &nbsp; &nbsp; &nbsp; &nbsp; &nbsp; &nbsp; &nbsp; &nbsp; &nbsp; &nbsp; &nbsp; &nbsp; &nbsp; &nbsp; &nbsp; &nbsp; &nbsp; &nbsp; &nbsp; &nbsp; &nbsp; &nbsp; &nbsp; &nbsp; &nbsp; &nbsp; &nbsp; &nbsp; &nbsp; 120 K\u010d<\/strong><\/span><\/p>\n<p><span style=\"font-family: helvetica, arial, sans-serif; font-size: 12pt;\"><strong>NICK NACK kel\u00edmek&nbsp; &nbsp; &nbsp; &nbsp; &nbsp; &nbsp; &nbsp; &nbsp; &nbsp; &nbsp; &nbsp; &nbsp; &nbsp; &nbsp; &nbsp; &nbsp; &nbsp; &nbsp; &nbsp; &nbsp; &nbsp; 50 K\u010d<\/strong><\/span><\/p>\n<p><span style=\"font-family: helvetica, arial, sans-serif; font-size: 12pt;\"><strong>Vlaje\u010dka&nbsp; &nbsp; &nbsp; &nbsp; &nbsp; &nbsp; &nbsp; &nbsp; &nbsp; &nbsp; &nbsp; &nbsp; &nbsp; &nbsp; &nbsp; &nbsp; &nbsp; &nbsp; &nbsp; &nbsp; &nbsp; &nbsp; &nbsp; &nbsp; &nbsp; &nbsp; &nbsp; &nbsp; &nbsp; &nbsp; 150 K\u010d&nbsp; &nbsp; &nbsp; &nbsp; &nbsp; &nbsp; &nbsp;<\/strong><\/span><\/p>\n<p>ngg_shortcode_1_placeholder<span style=\"font-family: helvetica, arial, sans-serif; font-size: 12pt;\"><strong><em><u>Star\u0161\u00ed produkty (doprodej):<\/u><\/em><\/strong><\/span><\/p>\n<p><span style=\"font-family: helvetica, arial, sans-serif; font-size: 12pt;\"><strong>Zimn\u00ed \u010depice s bambul\u00ed&nbsp; &nbsp; &nbsp; &nbsp; &nbsp; &nbsp; &nbsp; &nbsp; &nbsp; &nbsp; &nbsp; &nbsp; &nbsp; &nbsp; &nbsp; &nbsp; &nbsp; 120 K\u010d<\/strong><\/span><\/p>\n<p><span style=\"font-family: helvetica, arial, sans-serif; font-size: 12pt;\"><strong>Zimn\u00ed \u010depice s v\u00fdpletem&nbsp; &nbsp; &nbsp; &nbsp; &nbsp; &nbsp; &nbsp; &nbsp; &nbsp; &nbsp; &nbsp; &nbsp; &nbsp; &nbsp; &nbsp; &nbsp; 100 K\u010d<\/strong><\/span><\/p>\n<p><span style=\"font-family: helvetica, arial, sans-serif; font-size: 12pt;\"><strong>Pruhovan\u00e1 \u0161\u00e1la&nbsp; &nbsp; &nbsp; &nbsp; &nbsp; &nbsp; &nbsp; &nbsp; &nbsp; &nbsp; &nbsp; &nbsp; &nbsp; &nbsp; &nbsp; &nbsp; &nbsp; &nbsp; &nbsp; &nbsp; &nbsp; &nbsp; &nbsp; &nbsp;150 K\u010d<\/strong><\/span><\/p>\n<p><span style=\"font-family: helvetica, arial, sans-serif; font-size: 12pt;\"><strong>Poloko\u0161ile (pouze d\u00e1msk\u00e9)&nbsp; &nbsp; &nbsp; &nbsp; &nbsp; &nbsp; &nbsp; &nbsp; &nbsp; &nbsp; &nbsp; &nbsp; &nbsp; &nbsp; 200 K\u010d<\/strong><\/span><\/p>\n<p><span style=\"font-family: helvetica, arial, sans-serif; font-size: 12pt;\"><strong>K\u0161iltovka&nbsp; &nbsp; &nbsp; &nbsp; &nbsp; &nbsp; &nbsp; &nbsp; &nbsp; &nbsp; &nbsp; &nbsp; &nbsp; &nbsp; &nbsp; &nbsp; &nbsp; &nbsp; &nbsp; &nbsp; &nbsp; &nbsp; &nbsp; &nbsp; &nbsp; &nbsp; &nbsp; &nbsp; &nbsp; 150 K\u010d<\/strong><\/span><\/p>\n","protected":false},"excerpt":{"rendered":"<p>&nbsp; Nov\u00fd sortiment d\u00e1rkov\u00fdch p\u0159edm\u011bt\u016f TJ Sokol &nbsp; U p\u0159\u00edle\u017eitosti 100 let\u00e9ho v\u00fdro\u010d\u00ed od zalo\u017een\u00ed p\u0159ipravil TJ Sokol Kobe\u0159ice nov\u00fd sortiment zbo\u017e\u00ed a reklamn\u00edch p\u0159edm\u011bt\u016f. Ty<span class=\"excerpt-hellip\"> [\u2026]<\/span><\/p>\n","protected":false},"author":3,"featured_media":0,"parent":303,"menu_order":0,"comment_status":"closed","ping_status":"closed","template":"","meta":{"ngg_post_thumbnail":0,"footnotes":""},"class_list":["post-7980","page","type-page","status-publish","hentry"],"_links":{"self":[{"href":"https:\/\/tjsokolkoberice.cz\/index.php?rest_route=\/wp\/v2\/pages\/7980","targetHints":{"allow":["GET"]}}],"collection":[{"href":"https:\/\/tjsokolkoberice.cz\/index.php?rest_route=\/wp\/v2\/pages"}],"about":[{"href":"https:\/\/tjsokolkoberice.cz\/index.php?rest_route=\/wp\/v2\/types\/page"}],"author":[{"embeddable":true,"href":"https:\/\/tjsokolkoberice.cz\/index.php?rest_route=\/wp\/v2\/users\/3"}],"replies":[{"embeddable":true,"href":"https:\/\/tjsokolkoberice.cz\/index.php?rest_route=%2Fwp%2Fv2%2Fcomments&post=7980"}],"version-history":[{"count":20,"href":"https:\/\/tjsokolkoberice.cz\/index.php?rest_route=\/wp\/v2\/pages\/7980\/revisions"}],"predecessor-version":[{"id":8440,"href":"https:\/\/tjsokolkoberice.cz\/index.php?rest_route=\/wp\/v2\/pages\/7980\/revisions\/8440"}],"up":[{"embeddable":true,"href":"https:\/\/tjsokolkoberice.cz\/index.php?rest_route=\/wp\/v2\/pages\/303"}],"wp:attachment":[{"href":"https:\/\/tjsokolkoberice.cz\/index.php?rest_route=%2Fwp%2Fv2%2Fmedia&parent=7980"}],"curies":[{"name":"wp","href":"https:\/\/api.w.org\/{rel}","templated":true}]}}