{"id":8101,"date":"2024-02-19T15:58:11","date_gmt":"2024-02-19T14:58:11","guid":{"rendered":"https:\/\/tjsokolkoberice.cz\/?page_id=8101"},"modified":"2024-11-28T20:20:10","modified_gmt":"2024-11-28T19:20:10","slug":"kobericke-behy-2024","status":"publish","type":"page","link":"https:\/\/tjsokolkoberice.cz\/?page_id=8101","title":{"rendered":"Kobe\u0159ick\u00e9 b\u011bhy 2024"},"content":{"rendered":"<p><img loading=\"lazy\" decoding=\"async\" class=\"aligncenter wp-image-8102 size-large\" src=\"https:\/\/tjsokolkoberice.cz\/wp-content\/uploads\/2024\/02\/Kobericka-dvacitka-2024-724x1024.jpg\" alt=\"\" width=\"724\" height=\"1024\" srcset=\"https:\/\/tjsokolkoberice.cz\/wp-content\/uploads\/2024\/02\/Kobericka-dvacitka-2024-724x1024.jpg 724w, https:\/\/tjsokolkoberice.cz\/wp-content\/uploads\/2024\/02\/Kobericka-dvacitka-2024-212x300.jpg 212w, https:\/\/tjsokolkoberice.cz\/wp-content\/uploads\/2024\/02\/Kobericka-dvacitka-2024-768x1086.jpg 768w, https:\/\/tjsokolkoberice.cz\/wp-content\/uploads\/2024\/02\/Kobericka-dvacitka-2024-1086x1536.jpg 1086w, https:\/\/tjsokolkoberice.cz\/wp-content\/uploads\/2024\/02\/Kobericka-dvacitka-2024-1448x2048.jpg 1448w, https:\/\/tjsokolkoberice.cz\/wp-content\/uploads\/2024\/02\/Kobericka-dvacitka-2024-scaled.jpg 1810w\" sizes=\"auto, (max-width:767px) 480px, 724px\" \/><\/p>\n<p><img loading=\"lazy\" decoding=\"async\" class=\"aligncenter wp-image-8103 size-large\" src=\"https:\/\/tjsokolkoberice.cz\/wp-content\/uploads\/2024\/02\/Kobericky-pulmaraton-2024-724x1024.jpg\" alt=\"\" width=\"724\" height=\"1024\" srcset=\"https:\/\/tjsokolkoberice.cz\/wp-content\/uploads\/2024\/02\/Kobericky-pulmaraton-2024-724x1024.jpg 724w, https:\/\/tjsokolkoberice.cz\/wp-content\/uploads\/2024\/02\/Kobericky-pulmaraton-2024-212x300.jpg 212w, https:\/\/tjsokolkoberice.cz\/wp-content\/uploads\/2024\/02\/Kobericky-pulmaraton-2024-768x1086.jpg 768w, https:\/\/tjsokolkoberice.cz\/wp-content\/uploads\/2024\/02\/Kobericky-pulmaraton-2024-1086x1536.jpg 1086w, https:\/\/tjsokolkoberice.cz\/wp-content\/uploads\/2024\/02\/Kobericky-pulmaraton-2024-1448x2048.jpg 1448w, https:\/\/tjsokolkoberice.cz\/wp-content\/uploads\/2024\/02\/Kobericky-pulmaraton-2024-scaled.jpg 1810w\" sizes=\"auto, (max-width:767px) 480px, 724px\" \/><\/p>\n<p><img loading=\"lazy\" decoding=\"async\" class=\"aligncenter wp-image-8104 size-large\" src=\"https:\/\/tjsokolkoberice.cz\/wp-content\/uploads\/2024\/02\/Zimni-beh-2024-724x1024.jpg\" alt=\"\" width=\"724\" height=\"1024\" srcset=\"https:\/\/tjsokolkoberice.cz\/wp-content\/uploads\/2024\/02\/Zimni-beh-2024-724x1024.jpg 724w, https:\/\/tjsokolkoberice.cz\/wp-content\/uploads\/2024\/02\/Zimni-beh-2024-212x300.jpg 212w, https:\/\/tjsokolkoberice.cz\/wp-content\/uploads\/2024\/02\/Zimni-beh-2024-768x1086.jpg 768w, https:\/\/tjsokolkoberice.cz\/wp-content\/uploads\/2024\/02\/Zimni-beh-2024-1086x1536.jpg 1086w, https:\/\/tjsokolkoberice.cz\/wp-content\/uploads\/2024\/02\/Zimni-beh-2024-1448x2048.jpg 1448w, https:\/\/tjsokolkoberice.cz\/wp-content\/uploads\/2024\/02\/Zimni-beh-2024-scaled.jpg 1810w\" sizes=\"auto, (max-width:767px) 480px, 724px\" \/><\/p>\n","protected":false},"excerpt":{"rendered":"","protected":false},"author":3,"featured_media":0,"parent":0,"menu_order":0,"comment_status":"closed","ping_status":"closed","template":"","meta":{"ngg_post_thumbnail":0,"footnotes":""},"class_list":["post-8101","page","type-page","status-publish","hentry"],"_links":{"self":[{"href":"https:\/\/tjsokolkoberice.cz\/index.php?rest_route=\/wp\/v2\/pages\/8101","targetHints":{"allow":["GET"]}}],"collection":[{"href":"https:\/\/tjsokolkoberice.cz\/index.php?rest_route=\/wp\/v2\/pages"}],"about":[{"href":"https:\/\/tjsokolkoberice.cz\/index.php?rest_route=\/wp\/v2\/types\/page"}],"author":[{"embeddable":true,"href":"https:\/\/tjsokolkoberice.cz\/index.php?rest_route=\/wp\/v2\/users\/3"}],"replies":[{"embeddable":true,"href":"https:\/\/tjsokolkoberice.cz\/index.php?rest_route=%2Fwp%2Fv2%2Fcomments&post=8101"}],"version-history":[{"count":4,"href":"https:\/\/tjsokolkoberice.cz\/index.php?rest_route=\/wp\/v2\/pages\/8101\/revisions"}],"predecessor-version":[{"id":8452,"href":"https:\/\/tjsokolkoberice.cz\/index.php?rest_route=\/wp\/v2\/pages\/8101\/revisions\/8452"}],"wp:attachment":[{"href":"https:\/\/tjsokolkoberice.cz\/index.php?rest_route=%2Fwp%2Fv2%2Fmedia&parent=8101"}],"curies":[{"name":"wp","href":"https:\/\/api.w.org\/{rel}","templated":true}]}}