{"id":9105,"date":"2026-01-15T11:54:30","date_gmt":"2026-01-15T10:54:30","guid":{"rendered":"https:\/\/tjsokolkoberice.cz\/?page_id=9105"},"modified":"2026-01-15T11:56:47","modified_gmt":"2026-01-15T10:56:47","slug":"kobericke-behy-2026","status":"publish","type":"page","link":"https:\/\/tjsokolkoberice.cz\/?page_id=9105","title":{"rendered":"Kobe\u0159ick\u00e9 b\u011bhy 2026"},"content":{"rendered":"","protected":false},"excerpt":{"rendered":"","protected":false},"author":3,"featured_media":0,"parent":327,"menu_order":0,"comment_status":"closed","ping_status":"closed","template":"","meta":{"ngg_post_thumbnail":0,"footnotes":""},"class_list":["post-9105","page","type-page","status-publish","hentry"],"_links":{"self":[{"href":"https:\/\/tjsokolkoberice.cz\/index.php?rest_route=\/wp\/v2\/pages\/9105","targetHints":{"allow":["GET"]}}],"collection":[{"href":"https:\/\/tjsokolkoberice.cz\/index.php?rest_route=\/wp\/v2\/pages"}],"about":[{"href":"https:\/\/tjsokolkoberice.cz\/index.php?rest_route=\/wp\/v2\/types\/page"}],"author":[{"embeddable":true,"href":"https:\/\/tjsokolkoberice.cz\/index.php?rest_route=\/wp\/v2\/users\/3"}],"replies":[{"embeddable":true,"href":"https:\/\/tjsokolkoberice.cz\/index.php?rest_route=%2Fwp%2Fv2%2Fcomments&post=9105"}],"version-history":[{"count":1,"href":"https:\/\/tjsokolkoberice.cz\/index.php?rest_route=\/wp\/v2\/pages\/9105\/revisions"}],"predecessor-version":[{"id":9106,"href":"https:\/\/tjsokolkoberice.cz\/index.php?rest_route=\/wp\/v2\/pages\/9105\/revisions\/9106"}],"up":[{"embeddable":true,"href":"https:\/\/tjsokolkoberice.cz\/index.php?rest_route=\/wp\/v2\/pages\/327"}],"wp:attachment":[{"href":"https:\/\/tjsokolkoberice.cz\/index.php?rest_route=%2Fwp%2Fv2%2Fmedia&parent=9105"}],"curies":[{"name":"wp","href":"https:\/\/api.w.org\/{rel}","templated":true}]}}